{"id":224,"date":"2021-03-03T20:50:08","date_gmt":"2021-03-03T20:50:08","guid":{"rendered":"https:\/\/parga.li\/?page_id=224"},"modified":"2023-09-21T13:36:51","modified_gmt":"2023-09-21T13:36:51","slug":"projects","status":"publish","type":"page","link":"https:\/\/parga.li\/en\/projects","title":{"rendered":"Projekte"},"content":{"rendered":"<p>[et_pb_section fb_built=&#8220;1&#8243; fullwidth=&#8220;on&#8220; _builder_version=&#8220;4.16&#8243; _module_preset=&#8220;default&#8220; global_colors_info=&#8220;{}&#8220;][\/et_pb_section][et_pb_section fb_built=&#8220;1&#8243; disabled_on=&#8220;on|on|off&#8220; _builder_version=&#8220;4.16&#8243; _module_preset=&#8220;default&#8220; global_colors_info=&#8220;{}&#8220;][et_pb_row _builder_version=&#8220;4.16&#8243; _module_preset=&#8220;default&#8220; custom_padding=&#8220;||21px|||&#8220; global_colors_info=&#8220;{}&#8220;][et_pb_column type=&#8220;4_4&#8243; _builder_version=&#8220;4.16&#8243; _module_preset=&#8220;default&#8220; global_colors_info=&#8220;{}&#8220;][et_pb_text _builder_version=&#8220;4.16&#8243; _module_preset=&#8220;default&#8220; custom_margin=&#8220;||0px|||&#8220; custom_padding=&#8220;||0px|||&#8220; global_colors_info=&#8220;{}&#8220;]<\/p>\n<div id=\"row_5a81df706\" class=\"row\">\n<div id=\"column_f7996add4\" class=\"column\" data-xl-width=\"12\">\n<div class=\"content-wrapper\">\n<div id=\"content_0e4ae0830\" class=\"column-content\" data-module=\"text\">\n<div class=\"is-content\">\n<h1 style=\"text-align: center; font-size: 2.667rem; line-height: 3.111rem;\" data-font-size-xl=\"2.667rem\" data-line-height-xl=\"3.111rem\"><\/h1>\n<\/div>\n<\/div>\n<\/div>\n<\/div>\n<\/div>\n<div id=\"row_7a2505d7e\" class=\"row\">\n<div id=\"column_c0143f183\" class=\"column\" data-xl-width=\"3\">\n<div class=\"content-wrapper\">\n<div id=\"content_1ed7ddb54\" class=\"column-content\" data-module=\"image\" style=\"text-align: center;\"><\/div>\n<\/div>\n<\/div>\n<\/div>\n<p>[\/et_pb_text][\/et_pb_column][\/et_pb_row][et_pb_row column_structure=&#8220;2_5,3_5&#8243; _builder_version=&#8220;4.16&#8243; _module_preset=&#8220;default&#8220; custom_padding=&#8220;6px||64px|||&#8220; global_colors_info=&#8220;{}&#8220;][et_pb_column type=&#8220;2_5&#8243; _builder_version=&#8220;4.16&#8243; _module_preset=&#8220;default&#8220; global_colors_info=&#8220;{}&#8220;][et_pb_text _builder_version=&#8220;4.16&#8243; _module_preset=&#8220;default&#8220; header_font_size=&#8220;48px&#8220; custom_margin=&#8220;||15px||false|false&#8220; custom_padding=&#8220;21px||||false|false&#8220; global_colors_info=&#8220;{}&#8220;]<\/p>\n<h1><strong>Cworc &#8211; <\/strong><\/h1>\n<h1><strong>Vernetze deine Finanzen!<\/strong><\/h1>\n<p>[\/et_pb_text][et_pb_text _builder_version=&#8220;4.16&#8243; _module_preset=&#8220;default&#8220; text_font=&#8220;|300|||||||&#8220; text_font_size=&#8220;20px&#8220; text_line_height=&#8220;1.4em&#8220; global_colors_info=&#8220;{}&#8220;]<\/p>\n<div class=\"description\" data-font=\"inter_regular\">\n<p><span>Wir verwalten die Prozesse und die Infrastruktur der neue innovativen Cworc App. <\/span><\/p>\n<p><span>Mit der Cworc App kannst du deine Finanzen digitalisieren, ob gesch\u00e4ftlich oder privat, mit Kollegen, Freunden, deiner Familie oder einer definierten Projektgruppe.\u00a0<\/span><\/p>\n<p>\u00a0<a href=\"https:\/\/cworc.com\">www.cworc.com<\/a><\/p>\n<\/div>\n<div class=\"details\"><\/div>\n<p>[\/et_pb_text][et_pb_button button_url=&#8220;https:\/\/cworc.com&#8220; button_text=&#8220;Weitere Infos&#8220; _builder_version=&#8220;4.22.2&#8243; _module_preset=&#8220;default&#8220; custom_button=&#8220;on&#8220; button_text_size=&#8220;16px&#8220; button_text_color=&#8220;#FFFFFF&#8220; button_bg_color=&#8220;#000000&#8243; button_border_width=&#8220;0px&#8220; button_border_color=&#8220;#FFFFFF&#8220; button_border_radius=&#8220;0px&#8220; custom_padding=&#8220;12px|24px|12px|24px|false|false&#8220; global_colors_info=&#8220;{}&#8220;][\/et_pb_button][\/et_pb_column][et_pb_column type=&#8220;3_5&#8243; _builder_version=&#8220;4.16&#8243; _module_preset=&#8220;default&#8220; global_colors_info=&#8220;{}&#8220;][et_pb_image src=&#8220;https:\/\/parga.li\/wp-content\/uploads\/2022\/05\/de_cworc.png&#8220; title_text=&#8220;de_cworc&#8220; _builder_version=&#8220;4.22.2&#8243; _module_preset=&#8220;default&#8220; custom_margin=&#8220;-3px|||||&#8220; global_colors_info=&#8220;{}&#8220;][\/et_pb_image][\/et_pb_column][\/et_pb_row][et_pb_row column_structure=&#8220;1_2,1_2&#8243; _builder_version=&#8220;4.16&#8243; _module_preset=&#8220;default&#8220; custom_padding=&#8220;6px||64px|||&#8220; global_colors_info=&#8220;{}&#8220;][et_pb_column type=&#8220;1_2&#8243; _builder_version=&#8220;4.16&#8243; _module_preset=&#8220;default&#8220; global_colors_info=&#8220;{}&#8220;][et_pb_image src=&#8220;https:\/\/parga.li\/wp-content\/uploads\/2021\/10\/apputzer-image.png&#8220; title_text=&#8220;apputzer-image&#8220; _builder_version=&#8220;4.22.2&#8243; _module_preset=&#8220;default&#8220; global_colors_info=&#8220;{}&#8220;][\/et_pb_image][\/et_pb_column][et_pb_column type=&#8220;1_2&#8243; _builder_version=&#8220;4.16&#8243; _module_preset=&#8220;default&#8220; global_colors_info=&#8220;{}&#8220;][et_pb_text _builder_version=&#8220;4.16&#8243; _module_preset=&#8220;default&#8220; header_font_size=&#8220;48px&#8220; custom_margin=&#8220;||15px||false|false&#8220; custom_padding=&#8220;21px||||false|false&#8220; global_colors_info=&#8220;{}&#8220;]<\/p>\n<h1><strong>Apputzer &#8211; \u00a0macht Reinigung digital<\/strong><\/h1>\n<p>[\/et_pb_text][et_pb_text _builder_version=&#8220;4.16&#8243; _module_preset=&#8220;default&#8220; text_font=&#8220;|300|||||||&#8220; text_font_size=&#8220;20px&#8220; text_line_height=&#8220;1.4em&#8220; global_colors_info=&#8220;{}&#8220;]<\/p>\n<div class=\"description\" data-font=\"inter_regular\">\n<p><span>Mit der Entwicklung der APPutzer App und Web-Anwendung haben wir eine Software f\u00fcr das Housekeeping &amp; Facility Management entwickelt. Neben modernster Technologien f\u00fcr das Backend &amp; Frontend lag der Schwerpunkt auf einer selbsterkl\u00e4renden und einfachen Bedienung der Applikation, um die Arbeitsabl\u00e4ufe zu digitalisieren, ohne dabei zu viel Zeit in Mitarbeiterschulungen investieren zu m\u00fcssen.<\/span><\/p>\n<p>www.apputzer.com<\/p>\n<\/div>\n<div class=\"details\"><\/div>\n<p>[\/et_pb_text][et_pb_button button_url=&#8220;https:\/\/apputzer.de&#8220; button_text=&#8220;Weitere Infos&#8220; _builder_version=&#8220;4.22.2&#8243; _module_preset=&#8220;default&#8220; custom_button=&#8220;on&#8220; button_text_size=&#8220;16px&#8220; button_text_color=&#8220;#FFFFFF&#8220; button_bg_color=&#8220;#000000&#8243; button_border_width=&#8220;0px&#8220; button_border_color=&#8220;#FFFFFF&#8220; button_border_radius=&#8220;0px&#8220; custom_padding=&#8220;12px|24px|12px|24px|false|false&#8220; global_colors_info=&#8220;{}&#8220;][\/et_pb_button][\/et_pb_column][\/et_pb_row][et_pb_row column_structure=&#8220;2_5,3_5&#8243; _builder_version=&#8220;4.16&#8243; _module_preset=&#8220;default&#8220; custom_padding=&#8220;6px||64px|||&#8220; global_colors_info=&#8220;{}&#8220;][et_pb_column type=&#8220;2_5&#8243; _builder_version=&#8220;4.16&#8243; _module_preset=&#8220;default&#8220; global_colors_info=&#8220;{}&#8220;][et_pb_text _builder_version=&#8220;4.16&#8243; _module_preset=&#8220;default&#8220; header_font_size=&#8220;48px&#8220; custom_margin=&#8220;||15px||false|false&#8220; custom_padding=&#8220;21px||||false|false&#8220; global_colors_info=&#8220;{}&#8220;]<\/p>\n<h1><strong><span>Civelek Ofis<\/span><\/strong><\/h1>\n<p>[\/et_pb_text][et_pb_text _builder_version=&#8220;4.16&#8243; _module_preset=&#8220;default&#8220; text_font=&#8220;|300|||||||&#8220; text_font_size=&#8220;20px&#8220; text_line_height=&#8220;1.4em&#8220; global_colors_info=&#8220;{}&#8220;]<\/p>\n<div class=\"description\" data-font=\"inter_regular\">\n<p>Wir verwandeln das historische Geb\u00e4ude im Zentrum von Antalya Kalei\u00e7i in ein Inkubationszentrum und schaffen ein effizientes Arbeitsumfeld sowie Projektunterst\u00fctzung f\u00fcr digitale Teams.\u00a0<\/p>\n<\/div>\n<div class=\"details\"><\/div>\n<p>[\/et_pb_text][\/et_pb_column][et_pb_column type=&#8220;3_5&#8243; _builder_version=&#8220;4.16&#8243; _module_preset=&#8220;default&#8220; global_colors_info=&#8220;{}&#8220;][et_pb_image src=&#8220;https:\/\/parga.li\/wp-content\/uploads\/2022\/03\/civelek_1453.webp&#8220; title_text=&#8220;civelek_1453&#8243; _builder_version=&#8220;4.22.2&#8243; _module_preset=&#8220;default&#8220; custom_margin=&#8220;-3px|||||&#8220; global_colors_info=&#8220;{}&#8220;][\/et_pb_image][\/et_pb_column][\/et_pb_row][\/et_pb_section]<\/p>\n","protected":false},"excerpt":{"rendered":"<p>Cworc &#8211; Vernetze deine Finanzen! Wir verwalten die Prozesse und die Infrastruktur der neue innovativen Cworc App. Mit der Cworc App kannst du deine Finanzen digitalisieren, ob gesch\u00e4ftlich oder privat, mit Kollegen, Freunden, deiner Familie oder einer definierten Projektgruppe.\u00a0 \u00a0www.cworc.com Apputzer &#8211; \u00a0macht Reinigung digital Mit der Entwicklung der APPutzer App und Web-Anwendung haben wir [&hellip;]<\/p>\n","protected":false},"author":1,"featured_media":0,"parent":0,"menu_order":0,"comment_status":"closed","ping_status":"closed","template":"","meta":{"_et_pb_use_builder":"on","_et_pb_old_content":"<!-- wp:divi\/placeholder \/-->","_et_gb_content_width":"","footnotes":""},"class_list":["post-224","page","type-page","status-publish","hentry"],"aioseo_notices":[],"_links":{"self":[{"href":"https:\/\/parga.li\/en\/wp-json\/wp\/v2\/pages\/224","targetHints":{"allow":["GET"]}}],"collection":[{"href":"https:\/\/parga.li\/en\/wp-json\/wp\/v2\/pages"}],"about":[{"href":"https:\/\/parga.li\/en\/wp-json\/wp\/v2\/types\/page"}],"author":[{"embeddable":true,"href":"https:\/\/parga.li\/en\/wp-json\/wp\/v2\/users\/1"}],"replies":[{"embeddable":true,"href":"https:\/\/parga.li\/en\/wp-json\/wp\/v2\/comments?post=224"}],"version-history":[{"count":21,"href":"https:\/\/parga.li\/en\/wp-json\/wp\/v2\/pages\/224\/revisions"}],"predecessor-version":[{"id":1898,"href":"https:\/\/parga.li\/en\/wp-json\/wp\/v2\/pages\/224\/revisions\/1898"}],"wp:attachment":[{"href":"https:\/\/parga.li\/en\/wp-json\/wp\/v2\/media?parent=224"}],"curies":[{"name":"wp","href":"https:\/\/api.w.org\/{rel}","templated":true}]}}