{"id":195,"date":"2021-03-03T20:31:09","date_gmt":"2021-03-03T20:31:09","guid":{"rendered":"https:\/\/parga.li\/?page_id=195"},"modified":"2021-03-27T21:17:16","modified_gmt":"2021-03-27T21:17:16","slug":"about","status":"publish","type":"page","link":"https:\/\/parga.li\/en\/about","title":{"rendered":"\u00dcber uns"},"content":{"rendered":"\n[et_pb_section fb_built=&#8220;1&#8243; fullwidth=&#8220;on&#8220; _builder_version=&#8220;4.9.1&#8243; _module_preset=&#8220;default&#8220; background_color=&#8220;RGBA(0,0,0,0)&#8220; background_image=&#8220;https:\/\/parga.li\/wp-content\/uploads\/2021\/03\/about_bg-1024&#215;577-1.jpg&#8220;][et_pb_fullwidth_header title=&#8220;WIR \u00dcBER UNS \u00a0&#8220; text_orientation=&#8220;center&#8220; header_fullscreen=&#8220;on&#8220; _builder_version=&#8220;4.9.1&#8243; _module_preset=&#8220;default&#8220; title_font=&#8220;|700|||||||&#8220; title_font_size=&#8220;72px&#8220; background_color=&#8220;RGBA(0,0,0,0)&#8220; title_font_size_tablet=&#8220;&#8220; title_font_size_phone=&#8220;56px&#8220; title_font_size_last_edited=&#8220;on|phone&#8220; subhead_font_size_tablet=&#8220;&#8220; subhead_font_size_phone=&#8220;35px&#8220; subhead_font_size_last_edited=&#8220;on|phone&#8220;]<section id=\"section_1601a2343\" class=\"content-block reveal\" data-column-mode-sm=\"single\" data-column-mode-xs=\"single\" data-height=\"fullscreen\" data-valign=\"center\" data-justify=\"center\" data-sr-id=\"2\">\n<div class=\"page-header\">\n<h2 itemprop=\"headline\"><\/h2>\n<\/div>\n<div itemprop=\"articleBody\">\n<p>Innovative IT-Dienstleistungen seit \u00fcber 15 Jahren!\u00a0<\/p>\n<\/div>\n<h1 class=\"et_pb_module_header et-fb-editable-element et-fb-editable-element__editing\" data-shortcode-id=\"0.0-1616768041208\" data-quickaccess-id=\"title\" contenteditable=\"true\"><\/h1>\n<p><span>Pargali ist eine Inhabergef\u00fchrte \u00a0sind dein \u00a0Partner f\u00fcr innovative IT-Dienstleistungen und haben uns zur Aufgabe gestellt, das Business unserer Kunden mit modernen Softwarel\u00f6sungen und Informationstechnologie zu verbinden.Seit \u00fcber 15\u00a0Jahren sind wir herausragend positioniert im Bereich Softwareentwicklung und Projektmanagement und bieten ein hohes Know-how und Qualit\u00e4t zu fairen Preisen an. Wir \u00a0bieten\u00a0<\/span><span>individuelle Softwarel\u00f6sungen f\u00fcr den Einsatz von Desktop-Anwendungen, Webportalen sowie Mobile Apps an und\u00a0unterst\u00fctzen innovative Ideen bei deren Umsetzung.\u00a0<\/span><span>Mit viel Leidenschaft evaluieren wir aktuelle Trends und<\/span><span>\u00a0setzen auf L\u00f6sungen<\/span><span>\u00a0die innovativ, nachhaltig und bedienfreundlich sind.\u00a0<br \/><\/span><\/p>\n<\/section>\n<section class=\"content-block reveal\" data-column-mode-sm=\"single\" data-column-mode-xs=\"single\" data-height=\"fullscreen\" data-valign=\"center\" data-justify=\"center\" data-sr-id=\"2\"><span><\/span><\/section>\n<section class=\"content-block reveal\" data-column-mode-sm=\"single\" data-column-mode-xs=\"single\" data-height=\"fullscreen\" data-valign=\"center\" data-justify=\"center\" data-sr-id=\"2\"><\/section>\n<section id=\"section_1ed344226\" class=\"content-block reveal\" data-column-mode-sm=\"single\" data-column-mode-xs=\"single\" data-sr-id=\"3\"><\/section>[\/et_pb_fullwidth_header][\/et_pb_section]\n","protected":false},"excerpt":{"rendered":"<p>Innovative IT-Dienstleistungen seit \u00fcber 15 Jahren!\u00a0 Pargali ist eine Inhabergef\u00fchrte \u00a0sind dein \u00a0Partner f\u00fcr innovative IT-Dienstleistungen und haben uns zur Aufgabe gestellt, das Business unserer Kunden mit modernen Softwarel\u00f6sungen und Informationstechnologie zu verbinden.Seit \u00fcber 15\u00a0Jahren sind wir herausragend positioniert im Bereich Softwareentwicklung und Projektmanagement und bieten ein hohes Know-how und Qualit\u00e4t zu fairen Preisen an. [&hellip;]<\/p>\n","protected":false},"author":1,"featured_media":0,"parent":0,"menu_order":0,"comment_status":"closed","ping_status":"closed","template":"","meta":{"_et_pb_use_builder":"on","_et_pb_old_content":"","_et_gb_content_width":"","footnotes":""},"class_list":["post-195","page","type-page","status-publish","hentry"],"aioseo_notices":[],"_links":{"self":[{"href":"https:\/\/parga.li\/en\/wp-json\/wp\/v2\/pages\/195","targetHints":{"allow":["GET"]}}],"collection":[{"href":"https:\/\/parga.li\/en\/wp-json\/wp\/v2\/pages"}],"about":[{"href":"https:\/\/parga.li\/en\/wp-json\/wp\/v2\/types\/page"}],"author":[{"embeddable":true,"href":"https:\/\/parga.li\/en\/wp-json\/wp\/v2\/users\/1"}],"replies":[{"embeddable":true,"href":"https:\/\/parga.li\/en\/wp-json\/wp\/v2\/comments?post=195"}],"version-history":[{"count":12,"href":"https:\/\/parga.li\/en\/wp-json\/wp\/v2\/pages\/195\/revisions"}],"predecessor-version":[{"id":668,"href":"https:\/\/parga.li\/en\/wp-json\/wp\/v2\/pages\/195\/revisions\/668"}],"wp:attachment":[{"href":"https:\/\/parga.li\/en\/wp-json\/wp\/v2\/media?parent=195"}],"curies":[{"name":"wp","href":"https:\/\/api.w.org\/{rel}","templated":true}]}}